{"id":7,"date":"2015-10-31T12:18:13","date_gmt":"2015-10-31T11:18:13","guid":{"rendered":"http:\/\/designtoweb.de\/designtoweb\/?page_id=7"},"modified":"2020-03-12T08:50:14","modified_gmt":"2020-03-12T07:50:14","slug":"home","status":"publish","type":"page","link":"https:\/\/www.designtoweb.de\/?page_id=7","title":{"rendered":"Programierung"},"content":{"rendered":"<div class='sangar-slider-194 mobile-full-content-box' style='width: 1000px;height: 500px;max-width: 100%;position: relative;margin-left: auto;margin-right: auto;display: block;'><div class='sangar-content' style='display:none;'><img width=\"1600\" height=\"1063\" src=\"https:\/\/www.designtoweb.de\/wp-content\/uploads\/2015\/10\/front-slide-7.jpg\" class=\"attachment-full size-full\" alt=\"Webdesign und Programierung\" decoding=\"async\" loading=\"lazy\" srcset=\"https:\/\/www.designtoweb.de\/wp-content\/uploads\/2015\/10\/front-slide-7.jpg 1600w, https:\/\/www.designtoweb.de\/wp-content\/uploads\/2015\/10\/front-slide-7-300x199.jpg 300w, https:\/\/www.designtoweb.de\/wp-content\/uploads\/2015\/10\/front-slide-7-1024x680.jpg 1024w, https:\/\/www.designtoweb.de\/wp-content\/uploads\/2015\/10\/front-slide-7-2x1.jpg 2w\" sizes=\"(max-width: 1600px) 100vw, 1600px\" \/><div class='sangar-textbox ' data-anim-enable='all' data-anim-type='transition.slideDownIn' data-anim-duration='1000' data-anim-stagger='600'><div class='sangar-textbox-inner sangar-position-top'><div class='sangar-textbox-content' style='width:100%;background:url(https:\/\/www.designtoweb.de\/wp-content\/plugins\/sangar-slider-lite\/sangar-core\/assets\/images\/transparent\/black.png) repeat scroll 0% 0% transparent;padding:3.5em 3.5em;display:block;'><div class='sangar-textbox-title' style='text-align:left;'><p class='sangar-slide-title' style='color:#ffffff;font-size:2.5em;font-family:;'>Webdesign und Programierung<\/p><\/div><div class='sangar-textbox-description' style='text-align:left;'><div style='color:#ffffff;font-size:1.3em;font-family:;'><p>Wenn wir gemeinsam Ihre Domain beantragen, geh\u00f6rt diese dann selbstverst\u00e4ndlich Ihnen bzw. Ihrer Firma. Das Projekt wird immer in enger Zusammenarbeit mit Ihnen und nach Ihren W\u00fcnschen gestaltet. Update und Wartung der Webseite erfolgt nach Vereinbarung.<\/p><p>Von der Stange kann fast jeder. Wie Ihre Website einmal aussehen wird, kann ich nicht wissen. Alles wird immer individuell gestaltet. Aber wenn Sie den ersten Entwurf gesehen haben\u2026 \u2013 dann beginnt die Kommunikation und daraus wird dann etwas Besonderes.<\/p><ul><li>Beratung und Gestaltung Ihres High Level Webauftrittes, angepasst an Ihr Corporate Identity.<\/li><li>Einsatz vielf\u00e4ltiger Programming \u2013 Techniken<\/li><li>Zeitgeist und internationale Standards verstehen und umsetzen<\/li><li>Gestaltung und erste Administration von professionellen, auf Sie zugeschnittenen Onlineshops.<\/li><li>Marketinginstrument Website - f\u00fcr Sie nutzbar machen<\/li><li>Ihren Webauftritt f\u00fcr Suchmaschinen wie Google optimieren<\/li><\/ul><\/div><\/div><\/div><\/div><\/div><\/div><div class=\"sangar-slider-loading\" style=\"display:block;position:absolute;width:100%;height:100%;z-index:99;top:0px;left:0px;\" ><div><span id=\"span_1\"><\/span><span id=\"span_2\"><\/span><span id=\"span_3\"><\/span><\/div><\/div><\/div>\n<p>&nbsp;<\/p>\n<p>&nbsp;<\/p>\n<p>&nbsp;<\/p>\n","protected":false},"excerpt":{"rendered":"<p>&nbsp; &nbsp; &nbsp;<\/p>\n","protected":false},"author":1,"featured_media":0,"parent":0,"menu_order":0,"comment_status":"closed","ping_status":"closed","template":"page-fullwidth.php","meta":{"footnotes":""},"yoast_head":"<!-- This site is optimized with the Yoast SEO plugin v20.13 - https:\/\/yoast.com\/wordpress\/plugins\/seo\/ -->\n<title>Programierung - Webdesign D.Zeidler<\/title>\n<meta name=\"robots\" content=\"index, follow, max-snippet:-1, max-image-preview:large, max-video-preview:-1\" \/>\n<link rel=\"canonical\" href=\"http:\/\/www.designtoweb.de\/?page_id=7\" \/>\n<meta property=\"og:locale\" content=\"de_DE\" \/>\n<meta property=\"og:type\" content=\"article\" \/>\n<meta property=\"og:title\" content=\"Programierung - Webdesign D.Zeidler\" \/>\n<meta property=\"og:description\" content=\"&nbsp; &nbsp; &nbsp;\" \/>\n<meta property=\"og:url\" content=\"http:\/\/www.designtoweb.de\/?page_id=7\" \/>\n<meta property=\"og:site_name\" content=\"Webdesign D.Zeidler\" \/>\n<meta property=\"article:modified_time\" content=\"2020-03-12T07:50:14+00:00\" \/>\n<meta name=\"twitter:card\" content=\"summary_large_image\" \/>\n<script type=\"application\/ld+json\" class=\"yoast-schema-graph\">{\"@context\":\"https:\/\/schema.org\",\"@graph\":[{\"@type\":\"WebPage\",\"@id\":\"http:\/\/www.designtoweb.de\/?page_id=7\",\"url\":\"http:\/\/www.designtoweb.de\/?page_id=7\",\"name\":\"Programierung - Webdesign D.Zeidler\",\"isPartOf\":{\"@id\":\"http:\/\/www.designtoweb.de\/#website\"},\"datePublished\":\"2015-10-31T11:18:13+00:00\",\"dateModified\":\"2020-03-12T07:50:14+00:00\",\"breadcrumb\":{\"@id\":\"http:\/\/www.designtoweb.de\/?page_id=7#breadcrumb\"},\"inLanguage\":\"de\",\"potentialAction\":[{\"@type\":\"ReadAction\",\"target\":[\"http:\/\/www.designtoweb.de\/?page_id=7\"]}]},{\"@type\":\"BreadcrumbList\",\"@id\":\"http:\/\/www.designtoweb.de\/?page_id=7#breadcrumb\",\"itemListElement\":[{\"@type\":\"ListItem\",\"position\":1,\"name\":\"Startseite\",\"item\":\"https:\/\/www.designtoweb.de\/\"},{\"@type\":\"ListItem\",\"position\":2,\"name\":\"Programierung\"}]},{\"@type\":\"WebSite\",\"@id\":\"http:\/\/www.designtoweb.de\/#website\",\"url\":\"http:\/\/www.designtoweb.de\/\",\"name\":\"Webdesign D.Zeidler\",\"description\":\"\",\"publisher\":{\"@id\":\"http:\/\/www.designtoweb.de\/#organization\"},\"potentialAction\":[{\"@type\":\"SearchAction\",\"target\":{\"@type\":\"EntryPoint\",\"urlTemplate\":\"http:\/\/www.designtoweb.de\/?s={search_term_string}\"},\"query-input\":\"required name=search_term_string\"}],\"inLanguage\":\"de\"},{\"@type\":\"Organization\",\"@id\":\"http:\/\/www.designtoweb.de\/#organization\",\"name\":\"Webdesign Zeidler\",\"url\":\"http:\/\/www.designtoweb.de\/\",\"logo\":{\"@type\":\"ImageObject\",\"inLanguage\":\"de\",\"@id\":\"http:\/\/www.designtoweb.de\/#\/schema\/logo\/image\/\",\"url\":\"http:\/\/www.designtoweb.de\/wp-content\/uploads\/2015\/10\/logo2-e1446461098881.png\",\"contentUrl\":\"http:\/\/www.designtoweb.de\/wp-content\/uploads\/2015\/10\/logo2-e1446461098881.png\",\"width\":52,\"height\":60,\"caption\":\"Webdesign Zeidler\"},\"image\":{\"@id\":\"http:\/\/www.designtoweb.de\/#\/schema\/logo\/image\/\"}}]}<\/script>\n<!-- \/ Yoast SEO plugin. -->","yoast_head_json":{"title":"Programierung - Webdesign D.Zeidler","robots":{"index":"index","follow":"follow","max-snippet":"max-snippet:-1","max-image-preview":"max-image-preview:large","max-video-preview":"max-video-preview:-1"},"canonical":"http:\/\/www.designtoweb.de\/?page_id=7","og_locale":"de_DE","og_type":"article","og_title":"Programierung - Webdesign D.Zeidler","og_description":"&nbsp; &nbsp; &nbsp;","og_url":"http:\/\/www.designtoweb.de\/?page_id=7","og_site_name":"Webdesign D.Zeidler","article_modified_time":"2020-03-12T07:50:14+00:00","twitter_card":"summary_large_image","schema":{"@context":"https:\/\/schema.org","@graph":[{"@type":"WebPage","@id":"http:\/\/www.designtoweb.de\/?page_id=7","url":"http:\/\/www.designtoweb.de\/?page_id=7","name":"Programierung - Webdesign D.Zeidler","isPartOf":{"@id":"http:\/\/www.designtoweb.de\/#website"},"datePublished":"2015-10-31T11:18:13+00:00","dateModified":"2020-03-12T07:50:14+00:00","breadcrumb":{"@id":"http:\/\/www.designtoweb.de\/?page_id=7#breadcrumb"},"inLanguage":"de","potentialAction":[{"@type":"ReadAction","target":["http:\/\/www.designtoweb.de\/?page_id=7"]}]},{"@type":"BreadcrumbList","@id":"http:\/\/www.designtoweb.de\/?page_id=7#breadcrumb","itemListElement":[{"@type":"ListItem","position":1,"name":"Startseite","item":"https:\/\/www.designtoweb.de\/"},{"@type":"ListItem","position":2,"name":"Programierung"}]},{"@type":"WebSite","@id":"http:\/\/www.designtoweb.de\/#website","url":"http:\/\/www.designtoweb.de\/","name":"Webdesign D.Zeidler","description":"","publisher":{"@id":"http:\/\/www.designtoweb.de\/#organization"},"potentialAction":[{"@type":"SearchAction","target":{"@type":"EntryPoint","urlTemplate":"http:\/\/www.designtoweb.de\/?s={search_term_string}"},"query-input":"required name=search_term_string"}],"inLanguage":"de"},{"@type":"Organization","@id":"http:\/\/www.designtoweb.de\/#organization","name":"Webdesign Zeidler","url":"http:\/\/www.designtoweb.de\/","logo":{"@type":"ImageObject","inLanguage":"de","@id":"http:\/\/www.designtoweb.de\/#\/schema\/logo\/image\/","url":"http:\/\/www.designtoweb.de\/wp-content\/uploads\/2015\/10\/logo2-e1446461098881.png","contentUrl":"http:\/\/www.designtoweb.de\/wp-content\/uploads\/2015\/10\/logo2-e1446461098881.png","width":52,"height":60,"caption":"Webdesign Zeidler"},"image":{"@id":"http:\/\/www.designtoweb.de\/#\/schema\/logo\/image\/"}}]}},"_links":{"self":[{"href":"https:\/\/www.designtoweb.de\/index.php?rest_route=\/wp\/v2\/pages\/7"}],"collection":[{"href":"https:\/\/www.designtoweb.de\/index.php?rest_route=\/wp\/v2\/pages"}],"about":[{"href":"https:\/\/www.designtoweb.de\/index.php?rest_route=\/wp\/v2\/types\/page"}],"author":[{"embeddable":true,"href":"https:\/\/www.designtoweb.de\/index.php?rest_route=\/wp\/v2\/users\/1"}],"replies":[{"embeddable":true,"href":"https:\/\/www.designtoweb.de\/index.php?rest_route=%2Fwp%2Fv2%2Fcomments&post=7"}],"version-history":[{"count":10,"href":"https:\/\/www.designtoweb.de\/index.php?rest_route=\/wp\/v2\/pages\/7\/revisions"}],"predecessor-version":[{"id":271,"href":"https:\/\/www.designtoweb.de\/index.php?rest_route=\/wp\/v2\/pages\/7\/revisions\/271"}],"wp:attachment":[{"href":"https:\/\/www.designtoweb.de\/index.php?rest_route=%2Fwp%2Fv2%2Fmedia&parent=7"}],"curies":[{"name":"wp","href":"https:\/\/api.w.org\/{rel}","templated":true}]}}