{"id":223,"date":"2015-11-13T10:22:05","date_gmt":"2015-11-13T09:22:05","guid":{"rendered":"http:\/\/www.designtoweb.de\/?page_id=223"},"modified":"2020-03-12T08:50:44","modified_gmt":"2020-03-12T07:50:44","slug":"fernwartung","status":"publish","type":"page","link":"https:\/\/www.designtoweb.de\/?page_id=223","title":{"rendered":"Fernwartung"},"content":{"rendered":"<p><strong>Dirk Zeidler Online Support per Teamviewer<\/strong><\/p>\n<div class=\"module module-text-with-media ym-clearfix\">\n<div class=\"text\">\n<p>Um Sie direkt unterst\u00fctzen zu k\u00f6nnen, wird nach Ihrem Einverst\u00e4ndnis<br \/>\neine gemeinsame PC-Sitzung mit mir hergestellt.<\/p>\n<\/div>\n<p>TeamViewer QuickSupport ist ein sehr kompaktes Kundenmodul,<br \/>\ndas keine Installation und keine Adminrechte auf dem Zielrechner<br \/>\nben\u00f6tigt &#8211; ideal f\u00fcr den spontanen Support!<\/p>\n<div class=\"text\">\n<p><a href=\"http:\/\/download.teamviewer.com\/download\/TeamViewerQS_de.exe\"><img decoding=\"async\" loading=\"lazy\" class=\"alignnone size-full wp-image-225\" src=\"https:\/\/www.designtoweb.de\/wp-content\/uploads\/2015\/11\/teamviewer-logo_01.png\" alt=\"teamviewer-logo_01\" width=\"120\" height=\"60\" \/><\/a><\/p>\n<\/div>\n<\/div>\n<p>&nbsp;<\/p>\n<p>&nbsp;<\/p>\n<p>&nbsp;<\/p>\n<p>&nbsp;<\/p>\n","protected":false},"excerpt":{"rendered":"<p>Dirk Zeidler Online Support per Teamviewer Um Sie direkt unterst\u00fctzen zu k\u00f6nnen, wird nach Ihrem Einverst\u00e4ndnis eine gemeinsame PC-Sitzung mit mir hergestellt. TeamViewer QuickSupport ist ein sehr kompaktes Kundenmodul, das keine Installation und keine Adminrechte auf dem Zielrechner ben\u00f6tigt &#8211; ideal f\u00fcr den spontanen Support! &nbsp; &nbsp; &nbsp; &nbsp;<\/p>\n","protected":false},"author":1,"featured_media":0,"parent":0,"menu_order":0,"comment_status":"closed","ping_status":"closed","template":"page-fullwidth.php","meta":{"footnotes":""},"yoast_head":"<!-- This site is optimized with the Yoast SEO plugin v20.13 - https:\/\/yoast.com\/wordpress\/plugins\/seo\/ -->\n<title>Fernwartung - Webdesign D.Zeidler<\/title>\n<meta name=\"robots\" content=\"index, follow, max-snippet:-1, max-image-preview:large, max-video-preview:-1\" \/>\n<link rel=\"canonical\" href=\"http:\/\/www.designtoweb.de\/?page_id=223\" \/>\n<meta property=\"og:locale\" content=\"de_DE\" \/>\n<meta property=\"og:type\" content=\"article\" \/>\n<meta property=\"og:title\" content=\"Fernwartung - Webdesign D.Zeidler\" \/>\n<meta property=\"og:description\" content=\"Dirk Zeidler Online Support per Teamviewer Um Sie direkt unterst\u00fctzen zu k\u00f6nnen, wird nach Ihrem Einverst\u00e4ndnis eine gemeinsame PC-Sitzung mit mir hergestellt. TeamViewer QuickSupport ist ein sehr kompaktes Kundenmodul, das keine Installation und keine Adminrechte auf dem Zielrechner ben\u00f6tigt &#8211; ideal f\u00fcr den spontanen Support! &nbsp; &nbsp; &nbsp; &nbsp;\" \/>\n<meta property=\"og:url\" content=\"http:\/\/www.designtoweb.de\/?page_id=223\" \/>\n<meta property=\"og:site_name\" content=\"Webdesign D.Zeidler\" \/>\n<meta property=\"article:modified_time\" content=\"2020-03-12T07:50:44+00:00\" \/>\n<meta property=\"og:image\" content=\"http:\/\/www.designtoweb.de\/wp-content\/uploads\/2015\/11\/teamviewer-logo_01.png\" \/>\n<meta name=\"twitter:card\" content=\"summary_large_image\" \/>\n<script type=\"application\/ld+json\" class=\"yoast-schema-graph\">{\"@context\":\"https:\/\/schema.org\",\"@graph\":[{\"@type\":\"WebPage\",\"@id\":\"http:\/\/www.designtoweb.de\/?page_id=223\",\"url\":\"http:\/\/www.designtoweb.de\/?page_id=223\",\"name\":\"Fernwartung - Webdesign D.Zeidler\",\"isPartOf\":{\"@id\":\"http:\/\/www.designtoweb.de\/#website\"},\"datePublished\":\"2015-11-13T09:22:05+00:00\",\"dateModified\":\"2020-03-12T07:50:44+00:00\",\"breadcrumb\":{\"@id\":\"http:\/\/www.designtoweb.de\/?page_id=223#breadcrumb\"},\"inLanguage\":\"de\",\"potentialAction\":[{\"@type\":\"ReadAction\",\"target\":[\"http:\/\/www.designtoweb.de\/?page_id=223\"]}]},{\"@type\":\"BreadcrumbList\",\"@id\":\"http:\/\/www.designtoweb.de\/?page_id=223#breadcrumb\",\"itemListElement\":[{\"@type\":\"ListItem\",\"position\":1,\"name\":\"Startseite\",\"item\":\"https:\/\/www.designtoweb.de\/\"},{\"@type\":\"ListItem\",\"position\":2,\"name\":\"Fernwartung\"}]},{\"@type\":\"WebSite\",\"@id\":\"http:\/\/www.designtoweb.de\/#website\",\"url\":\"http:\/\/www.designtoweb.de\/\",\"name\":\"Webdesign D.Zeidler\",\"description\":\"\",\"publisher\":{\"@id\":\"http:\/\/www.designtoweb.de\/#organization\"},\"potentialAction\":[{\"@type\":\"SearchAction\",\"target\":{\"@type\":\"EntryPoint\",\"urlTemplate\":\"http:\/\/www.designtoweb.de\/?s={search_term_string}\"},\"query-input\":\"required name=search_term_string\"}],\"inLanguage\":\"de\"},{\"@type\":\"Organization\",\"@id\":\"http:\/\/www.designtoweb.de\/#organization\",\"name\":\"Webdesign Zeidler\",\"url\":\"http:\/\/www.designtoweb.de\/\",\"logo\":{\"@type\":\"ImageObject\",\"inLanguage\":\"de\",\"@id\":\"http:\/\/www.designtoweb.de\/#\/schema\/logo\/image\/\",\"url\":\"http:\/\/www.designtoweb.de\/wp-content\/uploads\/2015\/10\/logo2-e1446461098881.png\",\"contentUrl\":\"http:\/\/www.designtoweb.de\/wp-content\/uploads\/2015\/10\/logo2-e1446461098881.png\",\"width\":52,\"height\":60,\"caption\":\"Webdesign Zeidler\"},\"image\":{\"@id\":\"http:\/\/www.designtoweb.de\/#\/schema\/logo\/image\/\"}}]}<\/script>\n<!-- \/ Yoast SEO plugin. -->","yoast_head_json":{"title":"Fernwartung - Webdesign D.Zeidler","robots":{"index":"index","follow":"follow","max-snippet":"max-snippet:-1","max-image-preview":"max-image-preview:large","max-video-preview":"max-video-preview:-1"},"canonical":"http:\/\/www.designtoweb.de\/?page_id=223","og_locale":"de_DE","og_type":"article","og_title":"Fernwartung - Webdesign D.Zeidler","og_description":"Dirk Zeidler Online Support per Teamviewer Um Sie direkt unterst\u00fctzen zu k\u00f6nnen, wird nach Ihrem Einverst\u00e4ndnis eine gemeinsame PC-Sitzung mit mir hergestellt. TeamViewer QuickSupport ist ein sehr kompaktes Kundenmodul, das keine Installation und keine Adminrechte auf dem Zielrechner ben\u00f6tigt &#8211; ideal f\u00fcr den spontanen Support! &nbsp; &nbsp; &nbsp; &nbsp;","og_url":"http:\/\/www.designtoweb.de\/?page_id=223","og_site_name":"Webdesign D.Zeidler","article_modified_time":"2020-03-12T07:50:44+00:00","og_image":[{"url":"http:\/\/www.designtoweb.de\/wp-content\/uploads\/2015\/11\/teamviewer-logo_01.png"}],"twitter_card":"summary_large_image","schema":{"@context":"https:\/\/schema.org","@graph":[{"@type":"WebPage","@id":"http:\/\/www.designtoweb.de\/?page_id=223","url":"http:\/\/www.designtoweb.de\/?page_id=223","name":"Fernwartung - Webdesign D.Zeidler","isPartOf":{"@id":"http:\/\/www.designtoweb.de\/#website"},"datePublished":"2015-11-13T09:22:05+00:00","dateModified":"2020-03-12T07:50:44+00:00","breadcrumb":{"@id":"http:\/\/www.designtoweb.de\/?page_id=223#breadcrumb"},"inLanguage":"de","potentialAction":[{"@type":"ReadAction","target":["http:\/\/www.designtoweb.de\/?page_id=223"]}]},{"@type":"BreadcrumbList","@id":"http:\/\/www.designtoweb.de\/?page_id=223#breadcrumb","itemListElement":[{"@type":"ListItem","position":1,"name":"Startseite","item":"https:\/\/www.designtoweb.de\/"},{"@type":"ListItem","position":2,"name":"Fernwartung"}]},{"@type":"WebSite","@id":"http:\/\/www.designtoweb.de\/#website","url":"http:\/\/www.designtoweb.de\/","name":"Webdesign D.Zeidler","description":"","publisher":{"@id":"http:\/\/www.designtoweb.de\/#organization"},"potentialAction":[{"@type":"SearchAction","target":{"@type":"EntryPoint","urlTemplate":"http:\/\/www.designtoweb.de\/?s={search_term_string}"},"query-input":"required name=search_term_string"}],"inLanguage":"de"},{"@type":"Organization","@id":"http:\/\/www.designtoweb.de\/#organization","name":"Webdesign Zeidler","url":"http:\/\/www.designtoweb.de\/","logo":{"@type":"ImageObject","inLanguage":"de","@id":"http:\/\/www.designtoweb.de\/#\/schema\/logo\/image\/","url":"http:\/\/www.designtoweb.de\/wp-content\/uploads\/2015\/10\/logo2-e1446461098881.png","contentUrl":"http:\/\/www.designtoweb.de\/wp-content\/uploads\/2015\/10\/logo2-e1446461098881.png","width":52,"height":60,"caption":"Webdesign Zeidler"},"image":{"@id":"http:\/\/www.designtoweb.de\/#\/schema\/logo\/image\/"}}]}},"_links":{"self":[{"href":"https:\/\/www.designtoweb.de\/index.php?rest_route=\/wp\/v2\/pages\/223"}],"collection":[{"href":"https:\/\/www.designtoweb.de\/index.php?rest_route=\/wp\/v2\/pages"}],"about":[{"href":"https:\/\/www.designtoweb.de\/index.php?rest_route=\/wp\/v2\/types\/page"}],"author":[{"embeddable":true,"href":"https:\/\/www.designtoweb.de\/index.php?rest_route=\/wp\/v2\/users\/1"}],"replies":[{"embeddable":true,"href":"https:\/\/www.designtoweb.de\/index.php?rest_route=%2Fwp%2Fv2%2Fcomments&post=223"}],"version-history":[{"count":8,"href":"https:\/\/www.designtoweb.de\/index.php?rest_route=\/wp\/v2\/pages\/223\/revisions"}],"predecessor-version":[{"id":272,"href":"https:\/\/www.designtoweb.de\/index.php?rest_route=\/wp\/v2\/pages\/223\/revisions\/272"}],"wp:attachment":[{"href":"https:\/\/www.designtoweb.de\/index.php?rest_route=%2Fwp%2Fv2%2Fmedia&parent=223"}],"curies":[{"name":"wp","href":"https:\/\/api.w.org\/{rel}","templated":true}]}}