{"id":208,"date":"2015-11-07T23:21:48","date_gmt":"2015-11-07T22:21:48","guid":{"rendered":"http:\/\/www.designtoweb.de\/?page_id=208"},"modified":"2020-03-12T07:49:49","modified_gmt":"2020-03-12T06:49:49","slug":"impressum-2","status":"publish","type":"page","link":"https:\/\/www.designtoweb.de\/?page_id=208","title":{"rendered":"Impressum"},"content":{"rendered":"<p style=\"text-align: center;\">Dirk Zeidler, Magdeburger Str.8, 39435 Egeln<br \/>\n<strong>Email:<\/strong> zeidweb@online.de | <strong>Tel:<\/strong>0049 39268 2994 od. 0171 6438831<br \/>\nSteuer Nr. 107\/292\/01605<\/p>\n<p style=\"text-align: center;\"><small>Disclaimer:<\/small><b> Haftung f\u00fcr Inhalte<\/b><\/p>\n<p style=\"text-align: center;\">Die Inhalte dieser Seiten wurden mit gr\u00f6\u00dfter Sorgfalt erstellt.<br \/>\nF\u00fcr die Richtigkeit, Vollst\u00e4ndigkeit und Aktualit\u00e4t der Inhalte k\u00f6nnen wir jedoch keine Gew\u00e4hr \u00fcbernehmen.<\/p>\n<p style=\"text-align: center;\">Als Diensteanbieter sind wir gem\u00e4\u00df \u00a7 6 Abs.1 MDStV und \u00a7 8 Abs.1 TDG f\u00fcr eigene Inhalte auf diesen<br \/>\nSeiten nach den allgemeinen Gesetzen verantwortlich.<br \/>\nDiensteanbieter sind jedoch nicht verpflichtet, die von ihnen \u00fcbermittelten oder gespeicherten fremden Informationen<br \/>\nzu \u00fcberwachen oder nach Umst\u00e4nden zu forschen, die auf eine rechtswidrige T\u00e4tigkeit hinweisen. Verpflichtungen zur<br \/>\nEntfernung oder Sperrung der Nutzung von Informationen nach den allgemeinen Gesetzen bleiben hiervon unber\u00fchrt. Eine<br \/>\ndiesbez\u00fcgliche Haftung ist jedoch erst ab dem Zeitpunkt der Kenntnis einer konkreten Rechtsverletzung m\u00f6glich. Bei<br \/>\nbekannt werden von entsprechenden Rechtsverletzungen werden wir diese Inhalte umgehend entfernen.<\/p>\n<p style=\"text-align: center;\"><b>Haftung f\u00fcr Links<\/b><\/p>\n<p style=\"text-align: center;\">Unser Angebot enth\u00e4lt Links zu externen Webseiten Dritter, auf deren Inhalte wir keinen Einfluss haben. Deshalb<br \/>\nk\u00f6nnen wir f\u00fcr diese fremden Inhalte auch keine Gew\u00e4hr \u00fcbernehmen. F\u00fcr die Inhalte der verlinkten Seiten ist stets<br \/>\nder jeweilige Anbieter oder Betreiber der Seiten verantwortlich. Die verlinkten Seiten wurden zum Zeitpunkt der<br \/>\nVerlinkung auf m\u00f6gliche Rechtsverst\u00f6\u00dfe \u00fcberpr\u00fcft. Rechtswidrige Inhalte waren zum Zeitpunkt der Verlinkung nicht<br \/>\nerkennbar. Eine permanente inhaltliche Kontrolle der verlinkten Seiten ist jedoch ohne konkrete Anhaltspunkte einer<br \/>\nRechtsverletzung nicht zumutbar. Bei bekannt werden von Rechtsverletzungen werden wir derartige Links umgehend<br \/>\nentfernen.<\/p>\n<p style=\"text-align: center;\"><b>Urheberrecht<\/b><\/p>\n<p style=\"text-align: center;\">Die Betreiber der Seiten sind bem\u00fcht, stets die Urheberrechte anderer zu beachten bzw. auf selbst erstellte sowie<br \/>\nlizenzfreie Werke zur\u00fcckzugreifen.<br \/>\nDie durch die Seitenbetreiber erstellten Inhalte und Werke auf diesen Seiten unterliegen dem deutschen Urheberrecht.<br \/>\nBeitr\u00e4ge Dritter sind als solche gekennzeichnet. Die Vervielf\u00e4ltigung, Bearbeitung, Verbreitung und jede Art der<br \/>\nVerwertung au\u00dferhalb der Grenzen des Urheberrechtes bed\u00fcrfen der schriftlichen Zustimmung des jeweiligen Autors<br \/>\nbzw. Erstellers. Downloads und Kopien dieser Seite sind nur f\u00fcr den privaten, nicht kommerziellen Gebrauch gestattet.<\/p>\n<p style=\"text-align: center;\"><b>Datenschutz<\/b><\/p>\n<p style=\"text-align: center;\">Soweit auf unseren Seiten personenbezogene Daten (beispielsweise Name, Anschrift oder eMail-Adressen) erhoben<br \/>\nwerden, erfolgt dies soweit m\u00f6glich stets auf freiwilliger Basis. Die Nutzung der Angebote und Dienste ist, soweit<br \/>\nm\u00f6glich, stets ohne Angabe personenbezogener Daten m\u00f6glich.<br \/>\nDer Nutzung von im Rahmen der Impressumspflicht ver\u00f6ffentlichten Kontaktdaten durch Dritte zur \u00dcbersendung von<br \/>\nnicht ausdr\u00fccklich angeforderter Werbung und Informationsmaterialien wird hiermit ausdr\u00fccklich widersprochen.<br \/>\nDie Betreiber der Seiten behalten sich ausdr\u00fccklich rechtliche Schritte im Falle der unverlangten Zusendung von<br \/>\nWerbeinformationen, etwa durch Spam-Mails, vor.<\/p>\n<p style=\"text-align: center;\"><small>Quelle:<br \/>\nInternet:<\/small> <a href=\"http:\/\/www.e-recht24.de\/muster-disclaimer.htm\"><small>http:\/\/www.e-recht24.de\/muster-disclaimer.htm<\/small><br \/>\n<\/a> <small>von S\u00f6ren Siebert &#8211; Anwalt<\/small><\/p>\n","protected":false},"excerpt":{"rendered":"<p>Dirk Zeidler, Magdeburger Str.8, 39435 Egeln Email: zeidweb@online.de | Tel:0049 39268 2994 od. 0171 6438831 Steuer Nr. 107\/292\/01605 Disclaimer: Haftung f\u00fcr Inhalte Die Inhalte dieser Seiten wurden mit gr\u00f6\u00dfter Sorgfalt erstellt. F\u00fcr die Richtigkeit, Vollst\u00e4ndigkeit und Aktualit\u00e4t der Inhalte k\u00f6nnen wir jedoch keine Gew\u00e4hr \u00fcbernehmen. Als Diensteanbieter sind wir gem\u00e4\u00df \u00a7 6 Abs.1 MDStV und [&hellip;]<\/p>\n","protected":false},"author":1,"featured_media":0,"parent":0,"menu_order":0,"comment_status":"closed","ping_status":"closed","template":"page-fullwidth.php","meta":{"footnotes":""},"yoast_head":"<!-- This site is optimized with the Yoast SEO plugin v20.13 - https:\/\/yoast.com\/wordpress\/plugins\/seo\/ -->\n<title>Impressum - Webdesign D.Zeidler<\/title>\n<meta name=\"robots\" content=\"index, follow, max-snippet:-1, max-image-preview:large, max-video-preview:-1\" \/>\n<link rel=\"canonical\" href=\"https:\/\/www.designtoweb.de\/?page_id=208\" \/>\n<meta property=\"og:locale\" content=\"de_DE\" \/>\n<meta property=\"og:type\" content=\"article\" \/>\n<meta property=\"og:title\" content=\"Impressum - Webdesign D.Zeidler\" \/>\n<meta property=\"og:description\" content=\"Dirk Zeidler, Magdeburger Str.8, 39435 Egeln Email: zeidweb@online.de | Tel:0049 39268 2994 od. 0171 6438831 Steuer Nr. 107\/292\/01605 Disclaimer: Haftung f\u00fcr Inhalte Die Inhalte dieser Seiten wurden mit gr\u00f6\u00dfter Sorgfalt erstellt. F\u00fcr die Richtigkeit, Vollst\u00e4ndigkeit und Aktualit\u00e4t der Inhalte k\u00f6nnen wir jedoch keine Gew\u00e4hr \u00fcbernehmen. Als Diensteanbieter sind wir gem\u00e4\u00df \u00a7 6 Abs.1 MDStV und [&hellip;]\" \/>\n<meta property=\"og:url\" content=\"https:\/\/www.designtoweb.de\/?page_id=208\" \/>\n<meta property=\"og:site_name\" content=\"Webdesign D.Zeidler\" \/>\n<meta property=\"article:modified_time\" content=\"2020-03-12T06:49:49+00:00\" \/>\n<meta name=\"twitter:card\" content=\"summary_large_image\" \/>\n<meta name=\"twitter:label1\" content=\"Gesch\u00e4tzte Lesezeit\" \/>\n\t<meta name=\"twitter:data1\" content=\"2\u00a0Minuten\" \/>\n<script type=\"application\/ld+json\" class=\"yoast-schema-graph\">{\"@context\":\"https:\/\/schema.org\",\"@graph\":[{\"@type\":\"WebPage\",\"@id\":\"https:\/\/www.designtoweb.de\/?page_id=208\",\"url\":\"https:\/\/www.designtoweb.de\/?page_id=208\",\"name\":\"Impressum - Webdesign D.Zeidler\",\"isPartOf\":{\"@id\":\"http:\/\/www.designtoweb.de\/#website\"},\"datePublished\":\"2015-11-07T22:21:48+00:00\",\"dateModified\":\"2020-03-12T06:49:49+00:00\",\"breadcrumb\":{\"@id\":\"https:\/\/www.designtoweb.de\/?page_id=208#breadcrumb\"},\"inLanguage\":\"de\",\"potentialAction\":[{\"@type\":\"ReadAction\",\"target\":[\"https:\/\/www.designtoweb.de\/?page_id=208\"]}]},{\"@type\":\"BreadcrumbList\",\"@id\":\"https:\/\/www.designtoweb.de\/?page_id=208#breadcrumb\",\"itemListElement\":[{\"@type\":\"ListItem\",\"position\":1,\"name\":\"Startseite\",\"item\":\"https:\/\/www.designtoweb.de\/\"},{\"@type\":\"ListItem\",\"position\":2,\"name\":\"Impressum\"}]},{\"@type\":\"WebSite\",\"@id\":\"http:\/\/www.designtoweb.de\/#website\",\"url\":\"http:\/\/www.designtoweb.de\/\",\"name\":\"Webdesign D.Zeidler\",\"description\":\"\",\"publisher\":{\"@id\":\"http:\/\/www.designtoweb.de\/#organization\"},\"potentialAction\":[{\"@type\":\"SearchAction\",\"target\":{\"@type\":\"EntryPoint\",\"urlTemplate\":\"http:\/\/www.designtoweb.de\/?s={search_term_string}\"},\"query-input\":\"required name=search_term_string\"}],\"inLanguage\":\"de\"},{\"@type\":\"Organization\",\"@id\":\"http:\/\/www.designtoweb.de\/#organization\",\"name\":\"Webdesign Zeidler\",\"url\":\"http:\/\/www.designtoweb.de\/\",\"logo\":{\"@type\":\"ImageObject\",\"inLanguage\":\"de\",\"@id\":\"http:\/\/www.designtoweb.de\/#\/schema\/logo\/image\/\",\"url\":\"http:\/\/www.designtoweb.de\/wp-content\/uploads\/2015\/10\/logo2-e1446461098881.png\",\"contentUrl\":\"http:\/\/www.designtoweb.de\/wp-content\/uploads\/2015\/10\/logo2-e1446461098881.png\",\"width\":52,\"height\":60,\"caption\":\"Webdesign Zeidler\"},\"image\":{\"@id\":\"http:\/\/www.designtoweb.de\/#\/schema\/logo\/image\/\"}}]}<\/script>\n<!-- \/ Yoast SEO plugin. -->","yoast_head_json":{"title":"Impressum - Webdesign D.Zeidler","robots":{"index":"index","follow":"follow","max-snippet":"max-snippet:-1","max-image-preview":"max-image-preview:large","max-video-preview":"max-video-preview:-1"},"canonical":"https:\/\/www.designtoweb.de\/?page_id=208","og_locale":"de_DE","og_type":"article","og_title":"Impressum - Webdesign D.Zeidler","og_description":"Dirk Zeidler, Magdeburger Str.8, 39435 Egeln Email: zeidweb@online.de | Tel:0049 39268 2994 od. 0171 6438831 Steuer Nr. 107\/292\/01605 Disclaimer: Haftung f\u00fcr Inhalte Die Inhalte dieser Seiten wurden mit gr\u00f6\u00dfter Sorgfalt erstellt. F\u00fcr die Richtigkeit, Vollst\u00e4ndigkeit und Aktualit\u00e4t der Inhalte k\u00f6nnen wir jedoch keine Gew\u00e4hr \u00fcbernehmen. Als Diensteanbieter sind wir gem\u00e4\u00df \u00a7 6 Abs.1 MDStV und [&hellip;]","og_url":"https:\/\/www.designtoweb.de\/?page_id=208","og_site_name":"Webdesign D.Zeidler","article_modified_time":"2020-03-12T06:49:49+00:00","twitter_card":"summary_large_image","twitter_misc":{"Gesch\u00e4tzte Lesezeit":"2\u00a0Minuten"},"schema":{"@context":"https:\/\/schema.org","@graph":[{"@type":"WebPage","@id":"https:\/\/www.designtoweb.de\/?page_id=208","url":"https:\/\/www.designtoweb.de\/?page_id=208","name":"Impressum - Webdesign D.Zeidler","isPartOf":{"@id":"http:\/\/www.designtoweb.de\/#website"},"datePublished":"2015-11-07T22:21:48+00:00","dateModified":"2020-03-12T06:49:49+00:00","breadcrumb":{"@id":"https:\/\/www.designtoweb.de\/?page_id=208#breadcrumb"},"inLanguage":"de","potentialAction":[{"@type":"ReadAction","target":["https:\/\/www.designtoweb.de\/?page_id=208"]}]},{"@type":"BreadcrumbList","@id":"https:\/\/www.designtoweb.de\/?page_id=208#breadcrumb","itemListElement":[{"@type":"ListItem","position":1,"name":"Startseite","item":"https:\/\/www.designtoweb.de\/"},{"@type":"ListItem","position":2,"name":"Impressum"}]},{"@type":"WebSite","@id":"http:\/\/www.designtoweb.de\/#website","url":"http:\/\/www.designtoweb.de\/","name":"Webdesign D.Zeidler","description":"","publisher":{"@id":"http:\/\/www.designtoweb.de\/#organization"},"potentialAction":[{"@type":"SearchAction","target":{"@type":"EntryPoint","urlTemplate":"http:\/\/www.designtoweb.de\/?s={search_term_string}"},"query-input":"required name=search_term_string"}],"inLanguage":"de"},{"@type":"Organization","@id":"http:\/\/www.designtoweb.de\/#organization","name":"Webdesign Zeidler","url":"http:\/\/www.designtoweb.de\/","logo":{"@type":"ImageObject","inLanguage":"de","@id":"http:\/\/www.designtoweb.de\/#\/schema\/logo\/image\/","url":"http:\/\/www.designtoweb.de\/wp-content\/uploads\/2015\/10\/logo2-e1446461098881.png","contentUrl":"http:\/\/www.designtoweb.de\/wp-content\/uploads\/2015\/10\/logo2-e1446461098881.png","width":52,"height":60,"caption":"Webdesign Zeidler"},"image":{"@id":"http:\/\/www.designtoweb.de\/#\/schema\/logo\/image\/"}}]}},"_links":{"self":[{"href":"https:\/\/www.designtoweb.de\/index.php?rest_route=\/wp\/v2\/pages\/208"}],"collection":[{"href":"https:\/\/www.designtoweb.de\/index.php?rest_route=\/wp\/v2\/pages"}],"about":[{"href":"https:\/\/www.designtoweb.de\/index.php?rest_route=\/wp\/v2\/types\/page"}],"author":[{"embeddable":true,"href":"https:\/\/www.designtoweb.de\/index.php?rest_route=\/wp\/v2\/users\/1"}],"replies":[{"embeddable":true,"href":"https:\/\/www.designtoweb.de\/index.php?rest_route=%2Fwp%2Fv2%2Fcomments&post=208"}],"version-history":[{"count":12,"href":"https:\/\/www.designtoweb.de\/index.php?rest_route=\/wp\/v2\/pages\/208\/revisions"}],"predecessor-version":[{"id":222,"href":"https:\/\/www.designtoweb.de\/index.php?rest_route=\/wp\/v2\/pages\/208\/revisions\/222"}],"wp:attachment":[{"href":"https:\/\/www.designtoweb.de\/index.php?rest_route=%2Fwp%2Fv2%2Fmedia&parent=208"}],"curies":[{"name":"wp","href":"https:\/\/api.w.org\/{rel}","templated":true}]}}